{"id":11,"date":"2024-12-16T18:38:34","date_gmt":"2024-12-16T21:38:34","guid":{"rendered":"https:\/\/awebvision.com.br\/morgmaarquitetura\/?page_id=11"},"modified":"2024-12-18T00:42:05","modified_gmt":"2024-12-18T03:42:05","slug":"sobre-nos","status":"publish","type":"page","link":"https:\/\/awebvision.com.br\/morgmaarquitetura\/sobre-nos\/","title":{"rendered":"Sobre N\u00f3s"},"content":{"rendered":"\t\t<div data-elementor-type=\"wp-page\" data-elementor-id=\"11\" class=\"elementor elementor-11\" data-elementor-post-type=\"page\">\n\t\t\t\t<div class=\"elementor-element elementor-element-38f0917 e-flex e-con-boxed wpr-particle-no wpr-jarallax-no wpr-parallax-no wpr-sticky-section-no wpr-column-slider-no wpr-equal-height-no e-con e-parent\" data-id=\"38f0917\" data-element_type=\"container\" data-e-type=\"container\" data-settings=\"{&quot;background_background&quot;:&quot;classic&quot;}\">\n\t\t\t\t\t<div class=\"e-con-inner\">\n\t\t\t\t<div class=\"elementor-element elementor-element-ad848d1 elementor-widget-mobile__width-initial elementor-widget elementor-widget-heading\" data-id=\"ad848d1\" data-element_type=\"widget\" data-e-type=\"widget\" data-widget_type=\"heading.default\">\n\t\t\t\t<div class=\"elementor-widget-container\">\n\t\t\t\t\t<h2 class=\"elementor-heading-title elementor-size-default\">Saiba Mais Sobre a Morgma Home<\/h2>\t\t\t\t<\/div>\n\t\t\t\t<\/div>\n\t\t\t\t\t<\/div>\n\t\t\t\t<\/div>\n\t\t<div class=\"elementor-element elementor-element-67ec3f0 e-flex e-con-boxed wpr-particle-no wpr-jarallax-no wpr-parallax-no wpr-sticky-section-no wpr-column-slider-no wpr-equal-height-no e-con e-parent\" data-id=\"67ec3f0\" data-element_type=\"container\" data-e-type=\"container\">\n\t\t\t\t\t<div class=\"e-con-inner\">\n\t\t<div class=\"elementor-element elementor-element-c64cd1d e-con-full e-flex wpr-particle-no wpr-jarallax-no wpr-parallax-no wpr-sticky-section-no wpr-column-slider-no wpr-equal-height-no e-con e-child\" data-id=\"c64cd1d\" data-element_type=\"container\" data-e-type=\"container\">\n\t\t\t\t<div class=\"elementor-element elementor-element-9245d06 elementor-widget elementor-widget-heading\" data-id=\"9245d06\" data-element_type=\"widget\" data-e-type=\"widget\" data-widget_type=\"heading.default\">\n\t\t\t\t<div class=\"elementor-widget-container\">\n\t\t\t\t\t<h2 class=\"elementor-heading-title elementor-size-default\">Sobre N\u00f3s<\/h2>\t\t\t\t<\/div>\n\t\t\t\t<\/div>\n\t\t\t\t<div class=\"elementor-element elementor-element-fc5a64a elementor-widget elementor-widget-heading\" data-id=\"fc5a64a\" data-element_type=\"widget\" data-e-type=\"widget\" data-widget_type=\"heading.default\">\n\t\t\t\t<div class=\"elementor-widget-container\">\n\t\t\t\t\t<h2 class=\"elementor-heading-title elementor-size-default\">Escrit\u00f3rio de Arquitetura em Praia Grande, SP<\/h2>\t\t\t\t<\/div>\n\t\t\t\t<\/div>\n\t\t\t\t<div class=\"elementor-element elementor-element-17f26ae elementor-hidden-desktop elementor-hidden-tablet elementor-widget elementor-widget-image\" data-id=\"17f26ae\" data-element_type=\"widget\" data-e-type=\"widget\" data-widget_type=\"image.default\">\n\t\t\t\t<div class=\"elementor-widget-container\">\n\t\t\t\t\t\t\t\t\t\t\t\t\t\t\t<img fetchpriority=\"high\" decoding=\"async\" width=\"1500\" height=\"1000\" src=\"https:\/\/awebvision.com.br\/morgmaarquitetura\/wp-content\/uploads\/2024\/12\/Design-sem-nome.gif\" class=\"attachment-full size-full wp-image-388\" alt=\"\" \/>\t\t\t\t\t\t\t\t\t\t\t\t\t\t\t<\/div>\n\t\t\t\t<\/div>\n\t\t\t\t<div class=\"elementor-element elementor-element-f867e55 elementor-widget elementor-widget-text-editor\" data-id=\"f867e55\" data-element_type=\"widget\" data-e-type=\"widget\" data-widget_type=\"text-editor.default\">\n\t\t\t\t<div class=\"elementor-widget-container\">\n\t\t\t\t\t\t\t\t\t<p>Na Morgma Home, acreditamos que cada espa\u00e7o deve refletir sua ess\u00eancia e transformar sua rotina em experi\u00eancias \u00fanicas. Nosso compromisso \u00e9 oferecer projetos personalizados, com transpar\u00eancia e aten\u00e7\u00e3o a cada detalhe.<\/p><p><strong>Nossos Valores:<\/strong><\/p><ul><li><strong>Excel\u00eancia:<\/strong> Entregamos qualidade em cada etapa.<\/li><li><strong>Inova\u00e7\u00e3o:<\/strong> Unimos criatividade \u00e0s melhores tend\u00eancias.<\/li><li><strong>Sustentabilidade:<\/strong> Priorizamos solu\u00e7\u00f5es que respeitam o meio ambiente.<\/li><\/ul><p>Estamos prontos para transformar suas ideias em realidade.<\/p>\t\t\t\t\t\t\t\t<\/div>\n\t\t\t\t<\/div>\n\t\t\t\t<div class=\"elementor-element elementor-element-c39c204 elementor-align-center elementor-invisible elementor-widget elementor-widget-button\" data-id=\"c39c204\" data-element_type=\"widget\" data-e-type=\"widget\" data-settings=\"{&quot;_animation&quot;:&quot;fadeIn&quot;}\" data-widget_type=\"button.default\">\n\t\t\t\t<div class=\"elementor-widget-container\">\n\t\t\t\t\t\t\t\t\t<div class=\"elementor-button-wrapper\">\n\t\t\t\t\t<a class=\"elementor-button elementor-button-link elementor-size-sm elementor-animation-shrink\" href=\"https:\/\/awebvision.com.br\/morgmaarquitetura\/projetos\/\">\n\t\t\t\t\t\t<span class=\"elementor-button-content-wrapper\">\n\t\t\t\t\t\t<span class=\"elementor-button-icon\">\n\t\t\t\t<svg aria-hidden=\"true\" class=\"e-font-icon-svg e-far-eye\" viewBox=\"0 0 576 512\" xmlns=\"http:\/\/www.w3.org\/2000\/svg\"><path d=\"M288 144a110.94 110.94 0 0 0-31.24 5 55.4 55.4 0 0 1 7.24 27 56 56 0 0 1-56 56 55.4 55.4 0 0 1-27-7.24A111.71 111.71 0 1 0 288 144zm284.52 97.4C518.29 135.59 410.93 64 288 64S57.68 135.64 3.48 241.41a32.35 32.35 0 0 0 0 29.19C57.71 376.41 165.07 448 288 448s230.32-71.64 284.52-177.41a32.35 32.35 0 0 0 0-29.19zM288 400c-98.65 0-189.09-55-237.93-144C98.91 167 189.34 112 288 112s189.09 55 237.93 144C477.1 345 386.66 400 288 400z\"><\/path><\/svg>\t\t\t<\/span>\n\t\t\t\t\t\t\t\t\t<span class=\"elementor-button-text\">VER TODOS OS PROJETOS<\/span>\n\t\t\t\t\t<\/span>\n\t\t\t\t\t<\/a>\n\t\t\t\t<\/div>\n\t\t\t\t\t\t\t\t<\/div>\n\t\t\t\t<\/div>\n\t\t\t\t<\/div>\n\t\t<div class=\"elementor-element elementor-element-7a12d82 e-con-full elementor-hidden-mobile e-flex wpr-particle-no wpr-jarallax-no wpr-parallax-no wpr-sticky-section-no wpr-column-slider-no wpr-equal-height-no e-con e-child\" data-id=\"7a12d82\" data-element_type=\"container\" data-e-type=\"container\">\n\t\t\t\t<div class=\"elementor-element elementor-element-c276268 elementor-widget elementor-widget-image\" data-id=\"c276268\" data-element_type=\"widget\" data-e-type=\"widget\" data-widget_type=\"image.default\">\n\t\t\t\t<div class=\"elementor-widget-container\">\n\t\t\t\t\t\t\t\t\t\t\t\t\t\t\t<img fetchpriority=\"high\" decoding=\"async\" width=\"1500\" height=\"1000\" src=\"https:\/\/awebvision.com.br\/morgmaarquitetura\/wp-content\/uploads\/2024\/12\/Design-sem-nome.gif\" class=\"attachment-full size-full wp-image-388\" alt=\"\" \/>\t\t\t\t\t\t\t\t\t\t\t\t\t\t\t<\/div>\n\t\t\t\t<\/div>\n\t\t\t\t<\/div>\n\t\t\t\t\t<\/div>\n\t\t\t\t<\/div>\n\t\t<div class=\"elementor-element elementor-element-7165d59 e-grid e-con-boxed wpr-particle-no wpr-jarallax-no wpr-parallax-no wpr-sticky-section-no wpr-column-slider-no wpr-equal-height-no e-con e-parent\" data-id=\"7165d59\" data-element_type=\"container\" data-e-type=\"container\">\n\t\t\t\t\t<div class=\"e-con-inner\">\n\t\t\t\t<div class=\"elementor-element elementor-element-835116c elementor-invisible elementor-widget elementor-widget-counter\" data-id=\"835116c\" data-element_type=\"widget\" data-e-type=\"widget\" data-settings=\"{&quot;_animation&quot;:&quot;fadeInUp&quot;}\" data-widget_type=\"counter.default\">\n\t\t\t\t<div class=\"elementor-widget-container\">\n\t\t\t\t\t\t\t<div class=\"elementor-counter\">\n\t\t\t<div class=\"elementor-counter-title\">Clientes Satisfeitos<\/div>\t\t\t<div class=\"elementor-counter-number-wrapper\">\n\t\t\t\t<span class=\"elementor-counter-number-prefix\">+<\/span>\n\t\t\t\t<span class=\"elementor-counter-number\" data-duration=\"2000\" data-to-value=\"300\" data-from-value=\"0\" data-delimiter=\",\">0<\/span>\n\t\t\t\t<span class=\"elementor-counter-number-suffix\"><\/span>\n\t\t\t<\/div>\n\t\t<\/div>\n\t\t\t\t\t\t<\/div>\n\t\t\t\t<\/div>\n\t\t\t\t<div class=\"elementor-element elementor-element-5564c94 elementor-invisible elementor-widget elementor-widget-counter\" data-id=\"5564c94\" data-element_type=\"widget\" data-e-type=\"widget\" data-settings=\"{&quot;_animation&quot;:&quot;fadeInUp&quot;}\" data-widget_type=\"counter.default\">\n\t\t\t\t<div class=\"elementor-widget-container\">\n\t\t\t\t\t\t\t<div class=\"elementor-counter\">\n\t\t\t<div class=\"elementor-counter-title\">Projetos Realizados<\/div>\t\t\t<div class=\"elementor-counter-number-wrapper\">\n\t\t\t\t<span class=\"elementor-counter-number-prefix\">+<\/span>\n\t\t\t\t<span class=\"elementor-counter-number\" data-duration=\"2000\" data-to-value=\"500\" data-from-value=\"0\" data-delimiter=\",\">0<\/span>\n\t\t\t\t<span class=\"elementor-counter-number-suffix\"><\/span>\n\t\t\t<\/div>\n\t\t<\/div>\n\t\t\t\t\t\t<\/div>\n\t\t\t\t<\/div>\n\t\t\t\t<div class=\"elementor-element elementor-element-831beaa elementor-invisible elementor-widget elementor-widget-counter\" data-id=\"831beaa\" data-element_type=\"widget\" data-e-type=\"widget\" data-settings=\"{&quot;_animation&quot;:&quot;fadeInUp&quot;}\" data-widget_type=\"counter.default\">\n\t\t\t\t<div class=\"elementor-widget-container\">\n\t\t\t\t\t\t\t<div class=\"elementor-counter\">\n\t\t\t<div class=\"elementor-counter-title\">Obras Entregues<\/div>\t\t\t<div class=\"elementor-counter-number-wrapper\">\n\t\t\t\t<span class=\"elementor-counter-number-prefix\">+<\/span>\n\t\t\t\t<span class=\"elementor-counter-number\" data-duration=\"2000\" data-to-value=\"100\" data-from-value=\"0\" data-delimiter=\",\">0<\/span>\n\t\t\t\t<span class=\"elementor-counter-number-suffix\"><\/span>\n\t\t\t<\/div>\n\t\t<\/div>\n\t\t\t\t\t\t<\/div>\n\t\t\t\t<\/div>\n\t\t\t\t\t<\/div>\n\t\t\t\t<\/div>\n\t\t<div class=\"elementor-element elementor-element-ddd1a91 e-flex e-con-boxed wpr-particle-no wpr-jarallax-no wpr-parallax-no wpr-sticky-section-no wpr-column-slider-no wpr-equal-height-no e-con e-parent\" data-id=\"ddd1a91\" data-element_type=\"container\" data-e-type=\"container\" data-settings=\"{&quot;background_background&quot;:&quot;classic&quot;,&quot;shape_divider_top&quot;:&quot;curve&quot;,&quot;shape_divider_top_negative&quot;:&quot;yes&quot;}\">\n\t\t\t\t\t<div class=\"e-con-inner\">\n\t\t\t\t<div class=\"elementor-shape elementor-shape-top\" aria-hidden=\"true\" data-negative=\"true\">\n\t\t\t<svg xmlns=\"http:\/\/www.w3.org\/2000\/svg\" viewBox=\"0 0 1000 100\" preserveAspectRatio=\"none\">\n\t<path class=\"elementor-shape-fill\" d=\"M500,97C126.7,96.3,0.8,19.8,0,0v100l1000,0V1C1000,19.4,873.3,97.8,500,97z\"\/>\n<\/svg>\t\t<\/div>\n\t\t\t\t<div class=\"elementor-element elementor-element-fabaf17 elementor-widget__width-initial elementor-widget elementor-widget-heading\" data-id=\"fabaf17\" data-element_type=\"widget\" data-e-type=\"widget\" data-widget_type=\"heading.default\">\n\t\t\t\t<div class=\"elementor-widget-container\">\n\t\t\t\t\t<h2 class=\"elementor-heading-title elementor-size-default\">Conhe\u00e7a Nossa Equipe<\/h2>\t\t\t\t<\/div>\n\t\t\t\t<\/div>\n\t\t\t\t<div class=\"elementor-element elementor-element-fd57653 elementor-widget__width-initial elementor-widget elementor-widget-heading\" data-id=\"fd57653\" data-element_type=\"widget\" data-e-type=\"widget\" data-widget_type=\"heading.default\">\n\t\t\t\t<div class=\"elementor-widget-container\">\n\t\t\t\t\t<h2 class=\"elementor-heading-title elementor-size-default\">Compromisso com a excel\u00eancia em tudo que fazemos.\n<\/h2>\t\t\t\t<\/div>\n\t\t\t\t<\/div>\n\t\t<div class=\"elementor-element elementor-element-45ea468 e-grid e-con-full wpr-particle-no wpr-jarallax-no wpr-parallax-no wpr-sticky-section-no wpr-column-slider-no wpr-equal-height-no e-con e-child\" data-id=\"45ea468\" data-element_type=\"container\" data-e-type=\"container\">\n\t\t\t\t<div class=\"elementor-element elementor-element-615317b elementor-widget__width-inherit elementor-position-top elementor-invisible elementor-widget elementor-widget-image-box\" data-id=\"615317b\" data-element_type=\"widget\" data-e-type=\"widget\" data-settings=\"{&quot;_animation&quot;:&quot;fadeInUp&quot;}\" data-widget_type=\"image-box.default\">\n\t\t\t\t<div class=\"elementor-widget-container\">\n\t\t\t\t\t<div class=\"elementor-image-box-wrapper\"><figure class=\"elementor-image-box-img\"><img decoding=\"async\" width=\"400\" height=\"400\" src=\"https:\/\/awebvision.com.br\/morgmaarquitetura\/wp-content\/uploads\/2024\/12\/equipe-2-1.png\" class=\"attachment-full size-full wp-image-310\" alt=\"\" srcset=\"https:\/\/awebvision.com.br\/morgmaarquitetura\/wp-content\/uploads\/2024\/12\/equipe-2-1.png 400w, https:\/\/awebvision.com.br\/morgmaarquitetura\/wp-content\/uploads\/2024\/12\/equipe-2-1-300x300.png 300w, https:\/\/awebvision.com.br\/morgmaarquitetura\/wp-content\/uploads\/2024\/12\/equipe-2-1-150x150.png 150w\" sizes=\"(max-width: 400px) 100vw, 400px\" \/><\/figure><div class=\"elementor-image-box-content\"><h3 class=\"elementor-image-box-title\">Marcos Faria<\/h3><p class=\"elementor-image-box-description\">Arquiteto S\u00eanior - Respons\u00e1vel pela concep\u00e7\u00e3o geral do projeto, estudos preliminares e desenvolvimento dos projetos executivos.<\/p><\/div><\/div>\t\t\t\t<\/div>\n\t\t\t\t<\/div>\n\t\t\t\t<div class=\"elementor-element elementor-element-20ca040 elementor-widget__width-inherit elementor-position-top elementor-invisible elementor-widget elementor-widget-image-box\" data-id=\"20ca040\" data-element_type=\"widget\" data-e-type=\"widget\" data-settings=\"{&quot;_animation&quot;:&quot;fadeInUp&quot;}\" data-widget_type=\"image-box.default\">\n\t\t\t\t<div class=\"elementor-widget-container\">\n\t\t\t\t\t<div class=\"elementor-image-box-wrapper\"><figure class=\"elementor-image-box-img\"><img decoding=\"async\" width=\"400\" height=\"400\" src=\"https:\/\/awebvision.com.br\/morgmaarquitetura\/wp-content\/uploads\/2024\/12\/equipe-6-1.png\" class=\"attachment-full size-full wp-image-314\" alt=\"\" srcset=\"https:\/\/awebvision.com.br\/morgmaarquitetura\/wp-content\/uploads\/2024\/12\/equipe-6-1.png 400w, https:\/\/awebvision.com.br\/morgmaarquitetura\/wp-content\/uploads\/2024\/12\/equipe-6-1-300x300.png 300w, https:\/\/awebvision.com.br\/morgmaarquitetura\/wp-content\/uploads\/2024\/12\/equipe-6-1-150x150.png 150w\" sizes=\"(max-width: 400px) 100vw, 400px\" \/><\/figure><div class=\"elementor-image-box-content\"><h3 class=\"elementor-image-box-title\">Juliana Rodrigues<\/h3><p class=\"elementor-image-box-description\">Arquiteta de Interiores - Especializada em design de espa\u00e7os internos, escolha de materiais, mobili\u00e1rio e acabamentos.<\/p><\/div><\/div>\t\t\t\t<\/div>\n\t\t\t\t<\/div>\n\t\t\t\t<div class=\"elementor-element elementor-element-d541c32 elementor-widget__width-inherit elementor-position-top elementor-invisible elementor-widget elementor-widget-image-box\" data-id=\"d541c32\" data-element_type=\"widget\" data-e-type=\"widget\" data-settings=\"{&quot;_animation&quot;:&quot;fadeInUp&quot;}\" data-widget_type=\"image-box.default\">\n\t\t\t\t<div class=\"elementor-widget-container\">\n\t\t\t\t\t<div class=\"elementor-image-box-wrapper\"><figure class=\"elementor-image-box-img\"><img loading=\"lazy\" decoding=\"async\" width=\"400\" height=\"400\" src=\"https:\/\/awebvision.com.br\/morgmaarquitetura\/wp-content\/uploads\/2024\/12\/equipe-5-1.png\" class=\"attachment-full size-full wp-image-313\" alt=\"\" srcset=\"https:\/\/awebvision.com.br\/morgmaarquitetura\/wp-content\/uploads\/2024\/12\/equipe-5-1.png 400w, https:\/\/awebvision.com.br\/morgmaarquitetura\/wp-content\/uploads\/2024\/12\/equipe-5-1-300x300.png 300w, https:\/\/awebvision.com.br\/morgmaarquitetura\/wp-content\/uploads\/2024\/12\/equipe-5-1-150x150.png 150w\" sizes=\"(max-width: 400px) 100vw, 400px\" \/><\/figure><div class=\"elementor-image-box-content\"><h3 class=\"elementor-image-box-title\">Vit\u00f3ria Soares<\/h3><p class=\"elementor-image-box-description\">Paisagista - Respons\u00e1vel pelo projeto de paisagismo, escolha de plantas, cria\u00e7\u00e3o de jardins e \u00e1reas verdes.<\/p><\/div><\/div>\t\t\t\t<\/div>\n\t\t\t\t<\/div>\n\t\t\t\t<div class=\"elementor-element elementor-element-823286e elementor-widget__width-inherit elementor-position-top elementor-invisible elementor-widget elementor-widget-image-box\" data-id=\"823286e\" data-element_type=\"widget\" data-e-type=\"widget\" data-settings=\"{&quot;_animation&quot;:&quot;fadeInUp&quot;}\" data-widget_type=\"image-box.default\">\n\t\t\t\t<div class=\"elementor-widget-container\">\n\t\t\t\t\t<div class=\"elementor-image-box-wrapper\"><figure class=\"elementor-image-box-img\"><img loading=\"lazy\" decoding=\"async\" width=\"400\" height=\"400\" src=\"https:\/\/awebvision.com.br\/morgmaarquitetura\/wp-content\/uploads\/2024\/12\/equipe-4-1.png\" class=\"attachment-full size-full wp-image-312\" alt=\"\" srcset=\"https:\/\/awebvision.com.br\/morgmaarquitetura\/wp-content\/uploads\/2024\/12\/equipe-4-1.png 400w, https:\/\/awebvision.com.br\/morgmaarquitetura\/wp-content\/uploads\/2024\/12\/equipe-4-1-300x300.png 300w, https:\/\/awebvision.com.br\/morgmaarquitetura\/wp-content\/uploads\/2024\/12\/equipe-4-1-150x150.png 150w\" sizes=\"(max-width: 400px) 100vw, 400px\" \/><\/figure><div class=\"elementor-image-box-content\"><h3 class=\"elementor-image-box-title\">Jos\u00e9 Ara\u00fajo <\/h3><p class=\"elementor-image-box-description\">Engenheiro Civil - Respons\u00e1vel pelos c\u00e1lculos estruturais, acompanhamento da obra e gest\u00e3o t\u00e9cnica.<\/p><\/div><\/div>\t\t\t\t<\/div>\n\t\t\t\t<\/div>\n\t\t\t\t<div class=\"elementor-element elementor-element-5d3ee21 elementor-widget__width-inherit elementor-position-top elementor-invisible elementor-widget elementor-widget-image-box\" data-id=\"5d3ee21\" data-element_type=\"widget\" data-e-type=\"widget\" data-settings=\"{&quot;_animation&quot;:&quot;fadeInUp&quot;}\" data-widget_type=\"image-box.default\">\n\t\t\t\t<div class=\"elementor-widget-container\">\n\t\t\t\t\t<div class=\"elementor-image-box-wrapper\"><figure class=\"elementor-image-box-img\"><img loading=\"lazy\" decoding=\"async\" width=\"400\" height=\"400\" src=\"https:\/\/awebvision.com.br\/morgmaarquitetura\/wp-content\/uploads\/2024\/12\/equipe-3-1.png\" class=\"attachment-full size-full wp-image-311\" alt=\"\" srcset=\"https:\/\/awebvision.com.br\/morgmaarquitetura\/wp-content\/uploads\/2024\/12\/equipe-3-1.png 400w, https:\/\/awebvision.com.br\/morgmaarquitetura\/wp-content\/uploads\/2024\/12\/equipe-3-1-300x300.png 300w, https:\/\/awebvision.com.br\/morgmaarquitetura\/wp-content\/uploads\/2024\/12\/equipe-3-1-150x150.png 150w\" sizes=\"(max-width: 400px) 100vw, 400px\" \/><\/figure><div class=\"elementor-image-box-content\"><h3 class=\"elementor-image-box-title\">Fabiola Rodrigues<\/h3><p class=\"elementor-image-box-description\">Designer de Ilumina\u00e7\u00e3o - Especializada em projetos de ilumina\u00e7\u00e3o, criando ambientes com atmosfera e funcionalidade.<\/p><\/div><\/div>\t\t\t\t<\/div>\n\t\t\t\t<\/div>\n\t\t\t\t<div class=\"elementor-element elementor-element-a59c3af elementor-widget__width-inherit elementor-position-top elementor-invisible elementor-widget elementor-widget-image-box\" data-id=\"a59c3af\" data-element_type=\"widget\" data-e-type=\"widget\" data-settings=\"{&quot;_animation&quot;:&quot;fadeInUp&quot;}\" data-widget_type=\"image-box.default\">\n\t\t\t\t<div class=\"elementor-widget-container\">\n\t\t\t\t\t<div class=\"elementor-image-box-wrapper\"><figure class=\"elementor-image-box-img\"><img loading=\"lazy\" decoding=\"async\" width=\"400\" height=\"400\" src=\"https:\/\/awebvision.com.br\/morgmaarquitetura\/wp-content\/uploads\/2024\/12\/equipe-1-1.png\" class=\"attachment-full size-full wp-image-309\" alt=\"\" srcset=\"https:\/\/awebvision.com.br\/morgmaarquitetura\/wp-content\/uploads\/2024\/12\/equipe-1-1.png 400w, https:\/\/awebvision.com.br\/morgmaarquitetura\/wp-content\/uploads\/2024\/12\/equipe-1-1-300x300.png 300w, https:\/\/awebvision.com.br\/morgmaarquitetura\/wp-content\/uploads\/2024\/12\/equipe-1-1-150x150.png 150w\" sizes=\"(max-width: 400px) 100vw, 400px\" \/><\/figure><div class=\"elementor-image-box-content\"><h3 class=\"elementor-image-box-title\">Paulo Oliveira<\/h3><p class=\"elementor-image-box-description\">Coordenador de Projeto - Respons\u00e1vel pela gest\u00e3o geral do projeto, comunica\u00e7\u00e3o com o cliente e coordena\u00e7\u00e3o da equipe.<\/p><\/div><\/div>\t\t\t\t<\/div>\n\t\t\t\t<\/div>\n\t\t\t\t<\/div>\n\t\t\t\t<div class=\"elementor-element elementor-element-c080b87 elementor-align-center elementor-invisible elementor-widget elementor-widget-button\" data-id=\"c080b87\" data-element_type=\"widget\" data-e-type=\"widget\" data-settings=\"{&quot;_animation&quot;:&quot;fadeIn&quot;}\" data-widget_type=\"button.default\">\n\t\t\t\t<div class=\"elementor-widget-container\">\n\t\t\t\t\t\t\t\t\t<div class=\"elementor-button-wrapper\">\n\t\t\t\t\t<a class=\"elementor-button elementor-button-link elementor-size-sm elementor-animation-shrink\" href=\"#\">\n\t\t\t\t\t\t<span class=\"elementor-button-content-wrapper\">\n\t\t\t\t\t\t<span class=\"elementor-button-icon\">\n\t\t\t\t<svg aria-hidden=\"true\" class=\"e-font-icon-svg e-fab-whatsapp\" viewBox=\"0 0 448 512\" xmlns=\"http:\/\/www.w3.org\/2000\/svg\"><path d=\"M380.9 97.1C339 55.1 283.2 32 223.9 32c-122.4 0-222 99.6-222 222 0 39.1 10.2 77.3 29.6 111L0 480l117.7-30.9c32.4 17.7 68.9 27 106.1 27h.1c122.3 0 224.1-99.6 224.1-222 0-59.3-25.2-115-67.1-157zm-157 341.6c-33.2 0-65.7-8.9-94-25.7l-6.7-4-69.8 18.3L72 359.2l-4.4-7c-18.5-29.4-28.2-63.3-28.2-98.2 0-101.7 82.8-184.5 184.6-184.5 49.3 0 95.6 19.2 130.4 54.1 34.8 34.9 56.2 81.2 56.1 130.5 0 101.8-84.9 184.6-186.6 184.6zm101.2-138.2c-5.5-2.8-32.8-16.2-37.9-18-5.1-1.9-8.8-2.8-12.5 2.8-3.7 5.6-14.3 18-17.6 21.8-3.2 3.7-6.5 4.2-12 1.4-32.6-16.3-54-29.1-75.5-66-5.7-9.8 5.7-9.1 16.3-30.3 1.8-3.7.9-6.9-.5-9.7-1.4-2.8-12.5-30.1-17.1-41.2-4.5-10.8-9.1-9.3-12.5-9.5-3.2-.2-6.9-.2-10.6-.2-3.7 0-9.7 1.4-14.8 6.9-5.1 5.6-19.4 19-19.4 46.3 0 27.3 19.9 53.7 22.6 57.4 2.8 3.7 39.1 59.7 94.8 83.8 35.2 15.2 49 16.5 66.6 13.9 10.7-1.6 32.8-13.4 37.4-26.4 4.6-13 4.6-24.1 3.2-26.4-1.3-2.5-5-3.9-10.5-6.6z\"><\/path><\/svg>\t\t\t<\/span>\n\t\t\t\t\t\t\t\t\t<span class=\"elementor-button-text\">SOLICITAR OR\u00c7AMENTO<\/span>\n\t\t\t\t\t<\/span>\n\t\t\t\t\t<\/a>\n\t\t\t\t<\/div>\n\t\t\t\t\t\t\t\t<\/div>\n\t\t\t\t<\/div>\n\t\t\t\t\t<\/div>\n\t\t\t\t<\/div>\n\t\t\t\t<\/div>\n\t\t","protected":false},"excerpt":{"rendered":"<p>Saiba Mais Sobre a Morgma Home Sobre N\u00f3s Escrit\u00f3rio de Arquitetura em Praia Grande, SP Na Morgma Home, acreditamos que cada espa\u00e7o deve refletir sua ess\u00eancia e transformar sua rotina em experi\u00eancias \u00fanicas. Nosso compromisso \u00e9 oferecer projetos personalizados, com transpar\u00eancia e aten\u00e7\u00e3o a cada detalhe. Nossos Valores: Excel\u00eancia: Entregamos qualidade em cada etapa. Inova\u00e7\u00e3o: Unimos criatividade \u00e0s melhores tend\u00eancias. Sustentabilidade: Priorizamos solu\u00e7\u00f5es que respeitam o meio ambiente. Estamos prontos para transformar suas ideias em realidade. VER TODOS OS PROJETOS Clientes Satisfeitos + 0 Projetos Realizados + 0 Obras Entregues + 0 Conhe\u00e7a Nossa Equipe Compromisso com a excel\u00eancia em tudo que fazemos. Marcos Faria Arquiteto S\u00eanior &#8211; Respons\u00e1vel pela concep\u00e7\u00e3o geral do projeto, estudos preliminares e desenvolvimento dos projetos executivos. Juliana Rodrigues Arquiteta de Interiores &#8211; Especializada em design de espa\u00e7os internos, escolha de materiais, mobili\u00e1rio e acabamentos. Vit\u00f3ria Soares Paisagista &#8211; Respons\u00e1vel pelo projeto de paisagismo, escolha de plantas, cria\u00e7\u00e3o de jardins e \u00e1reas verdes. Jos\u00e9 Ara\u00fajo Engenheiro Civil &#8211; Respons\u00e1vel pelos c\u00e1lculos estruturais, acompanhamento da obra e gest\u00e3o t\u00e9cnica. Fabiola Rodrigues Designer de Ilumina\u00e7\u00e3o &#8211; Especializada em projetos de ilumina\u00e7\u00e3o, criando ambientes com atmosfera e funcionalidade. Paulo Oliveira Coordenador de Projeto &#8211; Respons\u00e1vel pela gest\u00e3o geral do projeto, comunica\u00e7\u00e3o com o cliente e coordena\u00e7\u00e3o da equipe. SOLICITAR OR\u00c7AMENTO<\/p>\n","protected":false},"author":1,"featured_media":0,"parent":0,"menu_order":0,"comment_status":"closed","ping_status":"closed","template":"elementor_header_footer","meta":{"footnotes":""},"class_list":["post-11","page","type-page","status-publish","hentry"],"_links":{"self":[{"href":"https:\/\/awebvision.com.br\/morgmaarquitetura\/wp-json\/wp\/v2\/pages\/11","targetHints":{"allow":["GET"]}}],"collection":[{"href":"https:\/\/awebvision.com.br\/morgmaarquitetura\/wp-json\/wp\/v2\/pages"}],"about":[{"href":"https:\/\/awebvision.com.br\/morgmaarquitetura\/wp-json\/wp\/v2\/types\/page"}],"author":[{"embeddable":true,"href":"https:\/\/awebvision.com.br\/morgmaarquitetura\/wp-json\/wp\/v2\/users\/1"}],"replies":[{"embeddable":true,"href":"https:\/\/awebvision.com.br\/morgmaarquitetura\/wp-json\/wp\/v2\/comments?post=11"}],"version-history":[{"count":61,"href":"https:\/\/awebvision.com.br\/morgmaarquitetura\/wp-json\/wp\/v2\/pages\/11\/revisions"}],"predecessor-version":[{"id":692,"href":"https:\/\/awebvision.com.br\/morgmaarquitetura\/wp-json\/wp\/v2\/pages\/11\/revisions\/692"}],"wp:attachment":[{"href":"https:\/\/awebvision.com.br\/morgmaarquitetura\/wp-json\/wp\/v2\/media?parent=11"}],"curies":[{"name":"wp","href":"https:\/\/api.w.org\/{rel}","templated":true}]}}